{"id":109,"date":"2010-11-19T20:22:49","date_gmt":"2010-11-19T18:22:49","guid":{"rendered":"https:\/\/yerelsen.org.tr\/wp\/?page_id=109"},"modified":"2019-09-30T17:08:01","modified_gmt":"2019-09-30T15:08:01","slug":"uyelik","status":"publish","type":"page","link":"https:\/\/yerelsen.org.tr\/index.php\/uyelik\/","title":{"rendered":"Yerelsen&#8217;e \u00dcyelik"},"content":{"rendered":"<p style=\"text-align: center;\"><strong>\u00dcYEL\u0130K \u0130\u00c7\u0130N GEREKEN EVRAK<\/strong><\/p>\n<ul>\n<li><strong>Belediye i\u00e7in Belediye Meclisinden , Belediye \u015eirketleri i\u00e7in \u015eirket Y\u00f6netim Kurulundan, Yerelsen&#8217;e \u00fcye olmak i\u00e7in karar al\u0131nmas\u0131,<\/strong><\/li>\n<\/ul>\n<p>&nbsp;<\/p>\n<ul>\n<li><strong>Sendika &#8220;\u00dcYEL\u0130K KAYIT F\u0130\u015e\u0130&#8221; nin eksiksiz doldurulmas\u0131,<\/strong><\/li>\n<\/ul>\n<p>&nbsp;<\/p>\n<ul>\n<li><strong>Bu evraklar\u0131n bir \u00fcst yaz\u0131 ile \u0130\u015fveren Vekili taraf\u0131ndan Yerelsen adresine g\u00f6nderilmesi\u00a0 gerekmektedir<\/strong><strong>.<\/strong><\/li>\n<\/ul>\n<p>\u00dcye Kay\u0131t Fi\u015fi i\u00e7in l\u00fctfen t\u0131klay\u0131n\u0131z&#8230;\u00a0<span style=\"color: #000080;\"><strong><a href=\"https:\/\/yerelsen.org.tr\/wp-content\/uploads\/2019\/09\/uye-kayit-fisi.doc\"><span style=\"color: #000080;\">\u00dcYE KAYIT F\u0130\u015e\u0130<\/span><\/a><\/strong><\/span><\/p>\n<p>\u00d6rnek Meclis Karar\u0131 i\u00e7in l\u00fctfen t\u0131klay\u0131n\u0131z&#8230;\u00a0<span style=\"color: #000080;\"><strong><a href=\"https:\/\/yerelsen.org.tr\/wp-content\/uploads\/2019\/09\/O\u0308RNEK-MECLI\u0307S-KARARI-20.09.2019-YEN\u0130.docx\"><span style=\"color: #000080;\">\u00d6RNEK MECL\u0130S KARARI<\/span><\/a><\/strong><\/span><\/p>\n","protected":false},"excerpt":{"rendered":"\u00dcYEL\u0130K \u0130\u00c7\u0130N GEREKEN EVRAK Belediye i\u00e7in Belediye Meclisinden , Belediye \u015eirketleri i\u00e7in \u015eirket Y\u00f6netim Kurulundan, Yerelsen&#8217;e \u00fcye olmak i\u00e7in karar [&hellip;]","protected":false},"author":3,"featured_media":0,"parent":0,"menu_order":10,"comment_status":"closed","ping_status":"closed","template":"","meta":{"footnotes":""},"class_list":["post-109","page","type-page","status-publish","hentry"],"_links":{"self":[{"href":"https:\/\/yerelsen.org.tr\/index.php\/wp-json\/wp\/v2\/pages\/109","targetHints":{"allow":["GET"]}}],"collection":[{"href":"https:\/\/yerelsen.org.tr\/index.php\/wp-json\/wp\/v2\/pages"}],"about":[{"href":"https:\/\/yerelsen.org.tr\/index.php\/wp-json\/wp\/v2\/types\/page"}],"author":[{"embeddable":true,"href":"https:\/\/yerelsen.org.tr\/index.php\/wp-json\/wp\/v2\/users\/3"}],"replies":[{"embeddable":true,"href":"https:\/\/yerelsen.org.tr\/index.php\/wp-json\/wp\/v2\/comments?post=109"}],"version-history":[{"count":23,"href":"https:\/\/yerelsen.org.tr\/index.php\/wp-json\/wp\/v2\/pages\/109\/revisions"}],"predecessor-version":[{"id":9397,"href":"https:\/\/yerelsen.org.tr\/index.php\/wp-json\/wp\/v2\/pages\/109\/revisions\/9397"}],"wp:attachment":[{"href":"https:\/\/yerelsen.org.tr\/index.php\/wp-json\/wp\/v2\/media?parent=109"}],"curies":[{"name":"wp","href":"https:\/\/api.w.org\/{rel}","templated":true}]}}