{"id":12,"date":"2010-11-11T11:53:48","date_gmt":"2010-11-11T09:53:48","guid":{"rendered":"https:\/\/yerelsen.org.tr\/wp\/?page_id=12"},"modified":"2025-11-07T11:43:12","modified_gmt":"2025-11-07T09:43:12","slug":"denetleme-kurulu","status":"publish","type":"page","link":"https:\/\/yerelsen.org.tr\/index.php\/denetleme-kurulu\/","title":{"rendered":"DENETLEME KURULU"},"content":{"rendered":"<p><strong>S\u00dcLEYMAN B\u00dcY\u00dcK\u015eAH\u0130N <\/strong><strong>&#8211;<\/strong> <strong>Denetleme Kurulu Ba\u015fkan\u0131<\/strong><strong><img loading=\"lazy\" decoding=\"async\" class=\"wp-image-10179 alignleft\" src=\"https:\/\/yerelsen.org.tr\/wp-content\/uploads\/2020\/07\/suleymanbuyuksahin-e1594068442984.jpg\" alt=\"\" width=\"140\" height=\"140\" \/><\/strong><\/p>\n<p><strong>Kocaeli B\u00fcy\u00fck\u015fehir Belediyesi Tefti\u015f Kurulu Ba\u015fkan\u0131<\/strong><\/p>\n<div class=\"b-quote_content js-quote_content\">\n<div class=\"b-quote__i js-quote-content\">\n<p>02.07.1970 tarihinde Mersin \u0130li Mut il\u00e7esinde do\u011fdu. \u0130lk, orta ve lise e\u011fitimini Mut\u2019ta tamamlad\u0131. \u0130stanbul \u00dcniversitesi Siyasal Bilgiler Fak\u00fcltesi Kamu Y\u00f6netimi B\u00f6l\u00fcmden 1991 y\u0131l\u0131nda mezun oldu. 1993 y\u0131l\u0131nda \u00c7al\u0131\u015fma ve Sosyal G\u00fcvenlik Bakanl\u0131\u011f\u0131 \u0130\u015f M\u00fcfetti\u015fi Yard\u0131mc\u0131s\u0131 olarak \u00e7al\u0131\u015fmaya ba\u015flad\u0131. 1997 y\u0131l\u0131nda Bakanl\u0131k \u0130\u015f M\u00fcfetti\u015fi olarak atand\u0131. 1993-1996 y\u0131llar\u0131 aras\u0131nda \u0130\u015f Tefti\u015f \u0130stanbul Grup Ba\u015fkanl\u0131\u011f\u0131nda 1997 y\u0131l\u0131ndan itibaren de \u0130\u015f Tefti\u015f Ankara Grup Ba\u015fkanl\u0131\u011f\u0131\u2019nda g\u00f6rev yapt\u0131.<\/p>\n<p>\u0130stanbul \u00dcniversitesi Sosyal Bilimler Enstit\u00fcs\u00fcnde \u201cT\u00fcrkiye\u2019de Devletin \u00c7al\u0131\u015fma Hayat\u0131na M\u00fcdahalesi\u201d konulu y\u00fcksek lisans yapt\u0131. 2003 y\u0131l\u0131nda T\u00fcrkiye ve Orta Do\u011fu Amme \u0130daresi Enstit\u00fcs\u00fc\u2019nde; \u201c4857 say\u0131l\u0131 \u0130\u015f Yasas\u0131n\u0131n \u0130\u015f\u00e7ilerin Bak\u0131\u015f A\u00e7\u0131s\u0131yla De\u011ferlendirilmesine Y\u00f6nelik Bir Ara\u015ft\u0131rma\u201d konulu y\u00fcksek lisans teziyle Kamu Y\u00f6netimi Bilim uzman\u0131 unvan\u0131n\u0131 ald\u0131.<\/p>\n<p>26.09.2007 tarihinde Tefti\u015f Kurulu Ba\u015fkan\u0131 olarak atanan B\u00fcy\u00fck\u015fahin, yap\u0131lan Yerelsen 7. Ola\u011fan\u00fcst\u00fc Genel Kurulu\u2019nda denetim kurulu \u00fcyeli\u011fine se\u00e7ildi. Evli ve \u00fc\u00e7 \u00e7ocuk babas\u0131d\u0131r.<\/p>\n<\/div>\n<\/div>\n<hr \/>\n<p><img loading=\"lazy\" decoding=\"async\" class=\"wp-image-9731 alignleft\" src=\"https:\/\/yerelsen.org.tr\/wp-content\/uploads\/2022\/12\/GENEL_SEKRETER_MAHMUT_SAHIN_-_Kopya.820px-e1671743252174.jpg\" alt=\"\" width=\"140\" height=\"140\" \/><strong>Mahmut \u015eAH\u0130N &#8211; Denetleme Kurulu \u00dcyesi<\/strong><br \/>\n<strong>Trakya Kalk\u0131nma Ajans\u0131 Genel Sekreteri<\/strong><\/p>\n<p>Mahmut \u015eahin, 1977 Konya Bey\u015fehir do\u011fumludur. \u0130lk\u00f6\u011frenimini Konya\u2019da, ortaokul ve lise \u00f6\u011frenimini \u0130stanbul\u2019da tamamlam\u0131\u015ft\u0131r. Ailesinin i\u015f durumu nedeniyle Tekirda\u011f\u2019a yerle\u015fmi\u015ftir. \u015eahin, Pamukkale \u00dcniversitesi \u0130\u015fletme B\u00f6l\u00fcm\u00fc mezunudur. Uzun y\u0131llar \u015eahinler Holding b\u00fcnyesinde Trakya ve yurtd\u0131\u015f\u0131ndaki operasyonlarda yat\u0131r\u0131m uzmanl\u0131\u011f\u0131, yat\u0131r\u0131m koordinat\u00f6rl\u00fc\u011f\u00fc, \u00fcst d\u00fczey y\u00f6neticilik ve genel m\u00fcd\u00fcrl\u00fck yapm\u0131\u015ft\u0131r.<br \/>\n\u015eAH\u0130N, Amerika Birle\u015fik Devletinde k\u0131sa master program\u0131 \u0130ngiltere ve Hindistan\u2019da sayg\u0131n \u00fcniversitelerinde uzmanl\u0131k alanlar\u0131yla ilgili ei\u011fitim programlar\u0131na kat\u0131lm\u0131\u015ft\u0131r. Y\u00fcksek lisans e\u011fitimini Nam\u0131k Kemal \u00dcniversitesi \u0130\u015fletme B\u00f6l\u00fcm\u00fc B\u00f6lgesel Giri\u015fimcilik Ekosistemi alan\u0131nda tamamlayan \u015eahin, \u0130ngilizce ve Arap\u00e7a dillerini bilmektedir. Evli ve 4 \u00e7ocuk babas\u0131 olan \u015eahin, 2014 y\u0131l\u0131ndan bu yana Trakya Kalk\u0131nma Ajans\u0131\u2019nda Genel Sekterlik g\u00f6revini \u00fcstlenmektedir. Yerelsen 7. Ola\u011fan\u00fcst\u00fc Genel Kurulunda denetim kurulu \u00fcyeli\u011fine se\u00e7ildi.<\/p>\n<hr \/>\n<p style=\"text-align: justify;\"><strong><img loading=\"lazy\" decoding=\"async\" class=\"wp-image-9732 size-thumbnail alignleft\" src=\"https:\/\/yerelsen.org.tr\/wp-content\/uploads\/2025\/11\/bayrambayram.jpg\" alt=\"\" width=\"140\" height=\"140\" data-wp-editing=\"1\" \/>Bayram BAYRAM &#8211; Denetleme Kurulu \u00dcyesi<\/strong><br \/>\n<strong>Kocaeli B\u00fcy\u00fck\u015fehir Belediyesi \u0130nsan Kaynaklar\u0131 ve E\u011fitim Dairesi Ba\u015fkan\u0131<\/strong><\/p>\n<p class=\"p1\">1970 y\u0131l\u0131nda Trabzon\u2019un Ak\u00e7aabat il\u00e7esinde do\u011fdu. \u0130lk\u00f6\u011frenimini Ak\u00e7aabat\u2019ta Orta ve Lise \u00d6\u011frenimini Trabzon da tamamlad\u0131. Kocaeli \u00dcniversitesi \u0130\u015fletme ve Pazarlama b\u00f6l\u00fcm\u00fc mezunudur. 1994 y\u0131l\u0131nda Kocaeli Kullar Belediyesinde g\u00f6reve ba\u015flad\u0131, 1994 y\u0131l\u0131ndan 2004 y\u0131l\u0131na kadar Kullar Belediyesi Yaz\u0131 \u0130\u015fleri M\u00fcd\u00fcrl\u00fc\u011f\u00fc\u2019nde g\u00f6rev yapt\u0131.2004 y\u0131l\u0131nda Kocaeli B\u00fcy\u00fck\u015fehir Belediyesi \u0130nsan Kaynaklar\u0131 ve E\u011fitim Dairesi Ba\u015fkanl\u0131\u011f\u0131\u2019nda g\u00f6reve ba\u015flad\u0131.2007 tarihinden itibaren \u015eef olarak g\u00f6rev yapmakta iken 23.12.2011 tarihinde \u00d6zel Kalem M\u00fcd\u00fcr\u00fc kadrosuna atand\u0131 16.01.2012 tarihinde \u0130nsan Kaynaklar\u0131 \u015eube M\u00fcd\u00fcr\u00fc g\u00f6revine atand\u0131. 05.04.2014 tarihinde Ordu B\u00fcy\u00fck\u015fehir Belediyesine kurucu \u0130nsan Kaynaklar\u0131 ve E\u011fitim Daire Ba\u015fkan\u0131 olarak atand\u0131. 22.09.2016 tarihinde Belediyemiz \u0130nsan Kaynaklar\u0131 ve E\u011fitim Dairesi Ba\u015fkan\u0131 g\u00f6revine atanm\u0131\u015f olup halen g\u00f6revine devam etmektedir. \u0130ngilizce bilen Bayram BAYRAM evli ve 2 \u00e7ocuk babas\u0131d\u0131r.<br \/>\nYerelsen VII. Ola\u011fan\u00fcst\u00fc Genel Kurulunda Yerelsen Denetim Kurulu \u00fcyeli\u011fine se\u00e7ilmi\u015ftir.<\/p>\n","protected":false},"excerpt":{"rendered":"S\u00dcLEYMAN B\u00dcY\u00dcK\u015eAH\u0130N &#8211; Denetleme Kurulu Ba\u015fkan\u0131 Kocaeli B\u00fcy\u00fck\u015fehir Belediyesi Tefti\u015f Kurulu Ba\u015fkan\u0131 02.07.1970 tarihinde Mersin \u0130li Mut il\u00e7esinde do\u011fdu. \u0130lk, [&hellip;]","protected":false},"author":3,"featured_media":0,"parent":0,"menu_order":2,"comment_status":"closed","ping_status":"closed","template":"","meta":{"footnotes":""},"class_list":["post-12","page","type-page","status-publish","hentry"],"_links":{"self":[{"href":"https:\/\/yerelsen.org.tr\/index.php\/wp-json\/wp\/v2\/pages\/12","targetHints":{"allow":["GET"]}}],"collection":[{"href":"https:\/\/yerelsen.org.tr\/index.php\/wp-json\/wp\/v2\/pages"}],"about":[{"href":"https:\/\/yerelsen.org.tr\/index.php\/wp-json\/wp\/v2\/types\/page"}],"author":[{"embeddable":true,"href":"https:\/\/yerelsen.org.tr\/index.php\/wp-json\/wp\/v2\/users\/3"}],"replies":[{"embeddable":true,"href":"https:\/\/yerelsen.org.tr\/index.php\/wp-json\/wp\/v2\/comments?post=12"}],"version-history":[{"count":71,"href":"https:\/\/yerelsen.org.tr\/index.php\/wp-json\/wp\/v2\/pages\/12\/revisions"}],"predecessor-version":[{"id":10928,"href":"https:\/\/yerelsen.org.tr\/index.php\/wp-json\/wp\/v2\/pages\/12\/revisions\/10928"}],"wp:attachment":[{"href":"https:\/\/yerelsen.org.tr\/index.php\/wp-json\/wp\/v2\/media?parent=12"}],"curies":[{"name":"wp","href":"https:\/\/api.w.org\/{rel}","templated":true}]}}