{"id":16,"date":"2010-11-11T11:55:10","date_gmt":"2010-11-11T09:55:10","guid":{"rendered":"https:\/\/yerelsen.org.tr\/wp\/?page_id=16"},"modified":"2024-07-01T08:54:57","modified_gmt":"2024-07-01T06:54:57","slug":"disiplin-kurulu","status":"publish","type":"page","link":"https:\/\/yerelsen.org.tr\/index.php\/disiplin-kurulu\/","title":{"rendered":"D\u0130S\u0130PL\u0130N KURULU"},"content":{"rendered":"<hr \/>\n<p>&nbsp;<\/p>\n<p style=\"text-align: justify;\"><strong><img loading=\"lazy\" decoding=\"async\" class=\"size-thumbnail wp-image-9735 alignleft\" src=\"https:\/\/yerelsen.org.tr\/wp-content\/uploads\/2020\/07\/nagihan_krcm-134x140.png\" alt=\"\" width=\"140\" height=\"140\" \/>Nagehan Kara\u00e7am &#8211;<\/strong> <strong>Disiplin Kurulu \u00dcyesi<\/strong><br \/>\n<strong>Aksaray Belediyesi \u0130nsan Kaynaklar\u0131 M\u00fcd\u00fcr\u00fc<\/strong><\/p>\n<p>&#8230;<\/p>\n<p>&nbsp;<\/p>\n<p>&nbsp;<\/p>\n<p>&nbsp;<\/p>\n<hr \/>\n<p>&nbsp;<\/p>\n<p><strong><img loading=\"lazy\" decoding=\"async\" class=\"size-thumbnail wp-image-9736 alignleft\" src=\"https:\/\/yerelsen.org.tr\/wp-content\/uploads\/2024\/06\/isabayrak2.jpg\" alt=\"\" width=\"134\" height=\"140\" \/>\u0130sa BAYRAK &#8211;<\/strong> <strong>Disiplin Kurulu \u00dcyesi<\/strong><br \/>\n<strong>Canik Belediyesi \u0130nsan Kaynaklar\u0131 ve E\u011fitim M\u00fcd\u00fcr\u00fc<\/strong><\/p>\n<p>&#8230;<\/p>\n<p>&nbsp;<\/p>\n<p>&nbsp;<\/p>\n<p>&nbsp;<\/p>\n<hr \/>\n<p>&nbsp;<\/p>\n<p><strong><img loading=\"lazy\" decoding=\"async\" class=\"size-thumbnail wp-image-9736 alignleft\" src=\"https:\/\/yerelsen.org.tr\/wp-content\/uploads\/2024\/06\/maliislerby.jpg\" alt=\"\" width=\"134\" height=\"140\" \/>Adnan A\u011eIRMAN\u00a0 &#8211;<\/strong> <strong>Disiplin Kurulu \u00dcyesi<\/strong><br \/>\n<strong>Arifiye Belediyesi Belediye Ba\u015fkan Yard\u0131mc\u0131s\u0131<\/strong><\/p>\n<p>&#8230;<\/p>\n<p>&nbsp;<\/p>\n<p style=\"text-align: justify;\">\n","protected":false},"excerpt":{"rendered":"&nbsp; Nagehan Kara\u00e7am &#8211; Disiplin Kurulu \u00dcyesi Aksaray Belediyesi \u0130nsan Kaynaklar\u0131 M\u00fcd\u00fcr\u00fc &#8230; &nbsp; &nbsp; &nbsp; &nbsp; \u0130sa BAYRAK &#8211; [&hellip;]","protected":false},"author":3,"featured_media":0,"parent":0,"menu_order":3,"comment_status":"closed","ping_status":"closed","template":"","meta":{"footnotes":""},"class_list":["post-16","page","type-page","status-publish","hentry"],"_links":{"self":[{"href":"https:\/\/yerelsen.org.tr\/index.php\/wp-json\/wp\/v2\/pages\/16","targetHints":{"allow":["GET"]}}],"collection":[{"href":"https:\/\/yerelsen.org.tr\/index.php\/wp-json\/wp\/v2\/pages"}],"about":[{"href":"https:\/\/yerelsen.org.tr\/index.php\/wp-json\/wp\/v2\/types\/page"}],"author":[{"embeddable":true,"href":"https:\/\/yerelsen.org.tr\/index.php\/wp-json\/wp\/v2\/users\/3"}],"replies":[{"embeddable":true,"href":"https:\/\/yerelsen.org.tr\/index.php\/wp-json\/wp\/v2\/comments?post=16"}],"version-history":[{"count":50,"href":"https:\/\/yerelsen.org.tr\/index.php\/wp-json\/wp\/v2\/pages\/16\/revisions"}],"predecessor-version":[{"id":10879,"href":"https:\/\/yerelsen.org.tr\/index.php\/wp-json\/wp\/v2\/pages\/16\/revisions\/10879"}],"wp:attachment":[{"href":"https:\/\/yerelsen.org.tr\/index.php\/wp-json\/wp\/v2\/media?parent=16"}],"curies":[{"name":"wp","href":"https:\/\/api.w.org\/{rel}","templated":true}]}}