{"id":196,"date":"2011-04-23T14:44:33","date_gmt":"2011-04-23T12:44:33","guid":{"rendered":"https:\/\/yerelsen.org.tr\/wp\/?page_id=196"},"modified":"2016-03-24T11:39:01","modified_gmt":"2016-03-24T09:39:01","slug":"yasalar","status":"publish","type":"page","link":"https:\/\/yerelsen.org.tr\/index.php\/yasalar\/","title":{"rendered":"MEVZUAT"},"content":{"rendered":"<p><strong>\u00a0 \u00a0 \u00a0 \u00a0<span style=\"color: #000000;\">KANUNLAR<\/span><\/strong><\/p>\n<ol>\n<ul>\n<li><span style=\"color: #000000;\"><strong><strong><a style=\"color: #000000;\" href=\"http:\/\/www.mevzuat.gov.tr\/Metin.Aspx?MevzuatKod=1.5.2709&amp;sourceXmlSearch=&amp;MevzuatIliski=0\" target=\"_blank\">T.C. Anayasas\u0131<\/a><\/strong><\/strong><\/span><\/li>\n<li><span style=\"color: #000000;\"><strong><a style=\"color: #000000;\" href=\"http:\/\/www.mevzuat.gov.tr\/Metin.Aspx?MevzuatKod=1.5.657&amp;sourceXmlSearch=&amp;MevzuatIliski=0\" target=\"_blank\">657 Say\u0131l\u0131 Devlet Memurlar\u0131 Kanunu<\/a><\/strong><\/span><\/li>\n<li><span style=\"color: #000000;\"><strong><a style=\"color: #000000;\" href=\"http:\/\/www.mevzuat.gov.tr\/Metin.Aspx?MevzuatKod=1.5.4857&amp;MevzuatIliski=0&amp;sourceXmlSearch=\" target=\"_blank\">4857 Say\u0131l\u0131 \u0130\u015f Kanunu<\/a><\/strong><\/span><\/li>\n<li><span style=\"color: #000000;\"><a style=\"color: #000000;\" href=\"http:\/\/www.mevzuat.gov.tr\/Metin.Aspx?MevzuatKod=1.5.5510&amp;MevzuatIliski=0&amp;sourceXmlSearch=\" target=\"_blank\"><strong>5510 Say\u0131l\u0131 Sosyal Sigortalar ve Genel Sa\u011fl\u0131k Sigortas\u0131 Kanunu<\/strong><\/a><\/span><\/li>\n<li><span style=\"color: #000000;\"><a style=\"color: #000000;\" href=\"http:\/\/www.mevzuat.gov.tr\/Metin.Aspx?MevzuatKod=1.5.4447&amp;MevzuatIliski=0&amp;sourceXmlSearch=\" target=\"_blank\"><strong>4447 Say\u0131l\u0131 \u0130\u015fsizlik Sigortas\u0131 Kanunu <\/strong><\/a><\/span><\/li>\n<li><span style=\"color: #000000;\"><a style=\"color: #000000;\" href=\"http:\/\/www.mevzuat.gov.tr\/Metin.Aspx?MevzuatKod=1.5.4904&amp;MevzuatIliski=0&amp;sourceXmlSearch=\" target=\"_blank\"><strong>4904 T\u00fcrkiye \u0130\u015f Kurumu Kanunu <\/strong><\/a><\/span><\/li>\n<li><span style=\"color: #000000;\"><a style=\"color: #000000;\" href=\"http:\/\/www.mevzuat.gov.tr\/Metin.Aspx?MevzuatKod=1.5.4688&amp;MevzuatIliski=0&amp;sourceXmlSearch=\" target=\"_blank\"><strong>4688 Say\u0131l\u0131 Kamu G\u00f6revlileri Sendikalar\u0131 ve Toplu S\u00f6zle\u015fme Kanunu<\/strong><\/a><\/span><\/li>\n<li><span style=\"color: #000000;\"><a style=\"color: #000000;\" href=\"https:\/\/www.tbmm.gov.tr\/tutanaklar\/KANUNLAR_KARARLAR\/kanuntbmmc043\/kanunmbkc043\/kanunmbkc04300212.pdf\" target=\"_blank\"><strong>5953 Say\u0131l\u0131 Bas\u0131n Mesle\u011finde \u00c7al\u0131\u015fanlarla \u00c7al\u0131\u015ft\u0131ranlar Aras\u0131ndaki M\u00fcnasebetlerin Tanzimi Hakk\u0131nda Kanun<\/strong><\/a><\/span><\/li>\n<li><span style=\"color: #000000;\"><a style=\"color: #000000;\" href=\"http:\/\/www.mevzuat.gov.tr\/Metin.Aspx?MevzuatKod=1.5.854&amp;MevzuatIliski=0&amp;sourceXmlSearch=\" target=\"_blank\"><strong>854 Say\u0131l\u0131 Deniz \u0130\u015f Kanunu <\/strong><\/a><\/span><\/li>\n<li><span style=\"color: #000000;\"><a style=\"color: #000000;\" href=\"http:\/\/www.mevzuat.gov.tr\/Metin.Aspx?MevzuatKod=1.5.4817&amp;MevzuatIliski=0&amp;sourceXmlSearch=\" target=\"_blank\"><strong>4817 Say\u0131l\u0131 Yabanc\u0131lar\u0131n \u00c7al\u0131\u015fma \u0130zinleri Hakk\u0131nda Kanun <\/strong><\/a><\/span><\/li>\n<li><span style=\"color: #000000;\"><a style=\"color: #000000;\" href=\"http:\/\/www.mevzuat.gov.tr\/Metin.Aspx?MevzuatKod=1.5.6331&amp;MevzuatIliski=0&amp;sourceXmlSearch=\" target=\"_blank\"><strong>6331 Say\u0131l\u0131 \u0130\u015f Sa\u011fl\u0131\u011f\u0131 ve G\u00fcvenli\u011fi Kanunu <\/strong><\/a><\/span><\/li>\n<li><span style=\"color: #000000;\"><a style=\"color: #000000;\" href=\"http:\/\/www.mevzuat.gov.tr\/Metin.Aspx?MevzuatKod=1.5.6356&amp;MevzuatIliski=0&amp;sourceXmlSearch=\" target=\"_blank\"><strong>6356 Say\u0131l\u0131 Sendikalar ve Toplu \u0130\u015f S\u00f6zle\u015fmesi Kanunu<\/strong><\/a><\/span><\/li>\n<li><span style=\"color: #000000;\"><strong><a style=\"color: #000000;\" href=\"http:\/\/mevzuat.basbakanlik.gov.tr\/Metin.Aspx?MevzuatKod=1.5.5216&amp;MevzuatIliski=0&amp;sourceXmlSearch=\" target=\"_blank\">5216 Say\u0131l\u0131 B\u00fcy\u00fck\u015fehir Belediyesi Kanunu<\/a><\/strong><\/span><\/li>\n<li><span style=\"color: #000000;\"><strong><a style=\"color: #000000;\" href=\"http:\/\/mevzuat.basbakanlik.gov.tr\/Metin.Aspx?MevzuatKod=1.5.5393&amp;MevzuatIliski=0&amp;sourceXmlSearch=\" target=\"_blank\">5393 Say\u0131l\u0131 Belediye Kanunu<\/a><\/strong><\/span><\/li>\n<li><span style=\"color: #000000;\"><strong><strong><a style=\"color: #000000;\" href=\"http:\/\/mevzuat.basbakanlik.gov.tr\/Metin.Aspx?MevzuatKod=1.3.6301&amp;MevzuatIliski=0&amp;sourceXmlSearch=\" target=\"_blank\">6301 Say\u0131l\u0131 \u00d6\u011fle Dinlenmesi Kanunu<\/a>\u00a0<\/strong><\/strong><\/span><\/li>\n<li><span style=\"color: #000000;\"><strong><a style=\"color: #000000;\" href=\"http:\/\/mevzuat.basbakanlik.gov.tr\/Metin.Aspx?MevzuatKod=1.3.6301&amp;MevzuatIliski=0&amp;sourceXmlSearch=\" target=\"_blank\">5188 Say\u0131l\u0131 \u00d6zel G\u00fcvenlik Hizmetlerine Dair Kanun<\/a><\/strong><\/span><\/li>\n<li><span style=\"color: #000000;\"><strong><a style=\"color: #000000;\" href=\"http:\/\/www.mevzuat.gov.tr\/Metin.Aspx?MevzuatKod=1.5.5018&amp;sourceXmlSearch=&amp;MevzuatIliski=0\" target=\"_blank\">5018 Say\u0131l\u0131 Kamu Mali Y\u00f6netimi ve Kontrol Kanunu<\/a><\/strong><\/span><\/li>\n<li><span style=\"color: #000000;\"><strong><a style=\"color: #000000;\" href=\"http:\/\/mevzuat.basbakanlik.gov.tr\/Metin.Aspx?MevzuatKod=1.5.3308&amp;MevzuatIliski=0&amp;sourceXmlSearch=\" target=\"_blank\">3308 Say\u0131l\u0131 Mesleki E\u011fitim Kanunu<\/a><\/strong><\/span><\/li>\n<\/ul>\n<\/ol>\n<p><strong>\u00a0 \u00a0 \u00a0 \u00a0 \u00a0 \u00a0 \u00a0 \u00a0<span style=\"color: #000000;\">\u00a0<\/span><\/strong><\/p>\n<p><span style=\"line-height: 1.5; color: #000000;\">\u00a0 \u00a0 \u00a0 \u00a0 \u00a0 \u00a0 \u00a0<\/span><\/p>\n<p><span style=\"color: #000000;\">\u00a0<\/span><\/p>\n<p><span style=\"color: #000000;\">\u00a0<\/span><\/p>\n<p><span style=\"color: #000000;\">\u00a0<\/span><\/p>\n<p><span style=\"color: #000000;\">\u00a0<\/span><\/p>\n<p><span style=\"color: #000000;\">\u00a0<\/span><\/p>\n","protected":false},"excerpt":{"rendered":"\u00a0 \u00a0 \u00a0 \u00a0KANUNLAR T.C. Anayasas\u0131 657 Say\u0131l\u0131 Devlet Memurlar\u0131 Kanunu 4857 Say\u0131l\u0131 \u0130\u015f Kanunu 5510 Say\u0131l\u0131 Sosyal Sigortalar ve [&hellip;]","protected":false},"author":3,"featured_media":0,"parent":0,"menu_order":11,"comment_status":"closed","ping_status":"closed","template":"","meta":{"footnotes":""},"class_list":["post-196","page","type-page","status-publish","hentry"],"_links":{"self":[{"href":"https:\/\/yerelsen.org.tr\/index.php\/wp-json\/wp\/v2\/pages\/196","targetHints":{"allow":["GET"]}}],"collection":[{"href":"https:\/\/yerelsen.org.tr\/index.php\/wp-json\/wp\/v2\/pages"}],"about":[{"href":"https:\/\/yerelsen.org.tr\/index.php\/wp-json\/wp\/v2\/types\/page"}],"author":[{"embeddable":true,"href":"https:\/\/yerelsen.org.tr\/index.php\/wp-json\/wp\/v2\/users\/3"}],"replies":[{"embeddable":true,"href":"https:\/\/yerelsen.org.tr\/index.php\/wp-json\/wp\/v2\/comments?post=196"}],"version-history":[{"count":25,"href":"https:\/\/yerelsen.org.tr\/index.php\/wp-json\/wp\/v2\/pages\/196\/revisions"}],"predecessor-version":[{"id":6461,"href":"https:\/\/yerelsen.org.tr\/index.php\/wp-json\/wp\/v2\/pages\/196\/revisions\/6461"}],"wp:attachment":[{"href":"https:\/\/yerelsen.org.tr\/index.php\/wp-json\/wp\/v2\/media?parent=196"}],"curies":[{"name":"wp","href":"https:\/\/api.w.org\/{rel}","templated":true}]}}