{"id":24,"date":"2010-11-11T11:56:44","date_gmt":"2010-11-11T09:56:44","guid":{"rendered":"https:\/\/yerelsen.org.tr\/wp\/?page_id=24"},"modified":"2011-08-22T15:55:46","modified_gmt":"2011-08-22T13:55:46","slug":"vizyon-misyon-ilkeler","status":"publish","type":"page","link":"https:\/\/yerelsen.org.tr\/index.php\/vizyon-misyon-ilkeler\/","title":{"rendered":"V\u0130ZYON, M\u0130SYON, \u0130LKELER"},"content":{"rendered":"<h2><span style=\"color: #003300;\">Vizyonumuz<\/span><\/h2>\n<p><strong>Y<\/strong>erel y\u00f6netimlerde, \u00fcyelerimizin ve \u00e7al\u0131\u015fanlar\u0131m\u0131z\u0131n m\u00fc\u015fterek yararlar\u0131 do\u011frultusunda, i\u015fyerlerimizde \u00e7al\u0131\u015fma bar\u0131\u015f\u0131n\u0131 temin etmek, s\u00fcrekli ve yayg\u0131n k\u0131lmakt\u0131r.<\/p>\n<h2><span style=\"color: #003300;\">Misyonumuz<\/span><\/h2>\n<p><strong>Y<\/strong>erel y\u00f6netimlerde, i\u015fvereni ve i\u015fg\u00f6reni ile i\u015fbirli\u011fi ve dayan\u0131\u015fma i\u00e7ersinde, kamu yarar\u0131n\u0131, verimlili\u011fi ve rekabet edebilirli\u011fi g\u00f6zeterek, adil, dengeli ve s\u00fcrekli \u00e7al\u0131\u015fma bar\u0131\u015f\u0131 tesis etmek, g\u00fcven ve diyalo\u011fa dayal\u0131 hizmet sunmakt\u0131r.<\/p>\n<h2><span style=\"color: #003300;\">\u0130lkelerimiz<\/span><\/h2>\n<ul>\n<li>Eme\u011fin en kutsal de\u011fer oldu\u011funa inan\u0131r\u0131z.<\/li>\n<li>Al\u0131n teri kurumadan eme\u011fin kar\u015f\u0131l\u0131\u011f\u0131n\u0131n verilmesini benimseriz.<\/li>\n<li>Elimizdeki imkanlar\u0131 \u00e7al\u0131\u015fanlar\u0131m\u0131zla zevkle payla\u015f\u0131r\u0131z, olmayan\u0131n s\u00f6z\u00fcn\u00fc vermeyiz.<\/li>\n<li>T\u00fcm karar ve eylemlerimizde, kat\u0131l\u0131mc\u0131l\u0131k, g\u00fcvenilirlik, \u015feffafl\u0131k ve hesap verebilirlik \u00f6nceli\u011fimizdir.<\/li>\n<li>Liyakat, verimlilik ve rekabet edebilirlikten \u00f6d\u00fcn vermeyiz.<\/li>\n<li>\u0130\u015fbirli\u011fi, dayan\u0131\u015fma ve diyalogdan yanay\u0131z.<\/li>\n<li>Hizmetlerimizde, gen\u00e7lerimizin, kad\u0131nlar\u0131m\u0131z\u0131n ve engelli \u00e7al\u0131\u015fanlar\u0131m\u0131z\u0131n \u00f6nceli\u011fi vard\u0131r.<\/li>\n<li>\u00dcyelerimizin ve \u00e7al\u0131\u015fanlar\u0131m\u0131z\u0131n mesleki ve sosyal geli\u015fimini destekleriz.<\/li>\n<li>Hizmetlerimizi sunarken bilimden yararlan\u0131r, profesyonellikten ve adaletten ayr\u0131lmay\u0131z.<\/li>\n<\/ul>\n","protected":false},"excerpt":{"rendered":"Vizyonumuz Yerel y\u00f6netimlerde, \u00fcyelerimizin ve \u00e7al\u0131\u015fanlar\u0131m\u0131z\u0131n m\u00fc\u015fterek yararlar\u0131 do\u011frultusunda, i\u015fyerlerimizde \u00e7al\u0131\u015fma bar\u0131\u015f\u0131n\u0131 temin etmek, s\u00fcrekli ve yayg\u0131n k\u0131lmakt\u0131r. Misyonumuz Yerel [&hellip;]","protected":false},"author":3,"featured_media":0,"parent":0,"menu_order":6,"comment_status":"closed","ping_status":"closed","template":"","meta":{"footnotes":""},"class_list":["post-24","page","type-page","status-publish","hentry"],"_links":{"self":[{"href":"https:\/\/yerelsen.org.tr\/index.php\/wp-json\/wp\/v2\/pages\/24","targetHints":{"allow":["GET"]}}],"collection":[{"href":"https:\/\/yerelsen.org.tr\/index.php\/wp-json\/wp\/v2\/pages"}],"about":[{"href":"https:\/\/yerelsen.org.tr\/index.php\/wp-json\/wp\/v2\/types\/page"}],"author":[{"embeddable":true,"href":"https:\/\/yerelsen.org.tr\/index.php\/wp-json\/wp\/v2\/users\/3"}],"replies":[{"embeddable":true,"href":"https:\/\/yerelsen.org.tr\/index.php\/wp-json\/wp\/v2\/comments?post=24"}],"version-history":[{"count":10,"href":"https:\/\/yerelsen.org.tr\/index.php\/wp-json\/wp\/v2\/pages\/24\/revisions"}],"predecessor-version":[{"id":1139,"href":"https:\/\/yerelsen.org.tr\/index.php\/wp-json\/wp\/v2\/pages\/24\/revisions\/1139"}],"wp:attachment":[{"href":"https:\/\/yerelsen.org.tr\/index.php\/wp-json\/wp\/v2\/media?parent=24"}],"curies":[{"name":"wp","href":"https:\/\/api.w.org\/{rel}","templated":true}]}}