{"id":26,"date":"2010-11-11T11:56:55","date_gmt":"2010-11-11T09:56:55","guid":{"rendered":"https:\/\/yerelsen.org.tr\/wp\/?page_id=26"},"modified":"2023-04-10T16:39:02","modified_gmt":"2023-04-10T14:39:02","slug":"tarihce","status":"publish","type":"page","link":"https:\/\/yerelsen.org.tr\/index.php\/tarihce\/","title":{"rendered":"TAR\u0130H\u00c7E"},"content":{"rendered":"<p style=\"text-align: justify;\">Yerel Y\u00f6netimler Kamu \u0130\u015fverenleri Sendikas\u0131 YERELSEN, Kocaeli B\u00fcy\u00fck\u015fehir Belediyesi Genel Sekreteri M\u00fcnir KARALO\u011eLU&#8217;nun inisiyatifi ve Kocaeli ilindeki yerel y\u00f6neticilerin deste\u011fiyle; 25 Temmuz 2005 g\u00fcn\u00fc 14 Belediye, Ba\u011fl\u0131 Kurulu\u015f ve Belediye \u015eirketlerinin y\u00f6neticileri taraf\u0131ndan, T\u00fcrkiye genelinde faaliyette bulunmak \u00fczere kurulmu\u015ftur. \u00c7ok k\u0131sa s\u00fcre i\u00e7inde te\u015fkilatlanmas\u0131n\u0131 tamamlayarak kurulu\u015fundan sonra iki ay i\u00e7inde 37 \u00fcyeye ula\u015fm\u0131\u015ft\u0131r. \u0130lk genel merkezi D-100 Karayolu \u00dczeri Eski SEKA Tesisleri olan YERELSEN halen Yeni\u015fehir Mah.Gazi M.Kemal Bulv.No:153\/C Kat: 2 \u0130zmit\/KOCAEL\u0130 adresinde faaliyetlerine devam etmektedir. YERELSEN 2005 y\u0131l\u0131 Aral\u0131k ay\u0131na kadar, Kocaeli B\u00fcy\u00fck\u015fehir Belediyesi Genel Sekreteri M\u00fcnir KARALO\u011eLU, Tefti\u015f Kurulu Eski Ba\u015fkan\u0131 Dr. Mustafa \u00c7\u00d6PO\u011eLU ve \u0130SU Eski Genel M\u00fcd\u00fcr\u00fc Mustafa SARIG\u00dcL\u2019den olu\u015fan ge\u00e7ici y\u00f6netim kurulunca idare edilmi\u015ftir.<\/p>\n<p style=\"text-align: justify;\">YERELSEN ilk Ola\u011fan Genel Kurulunu 2005 y\u0131l\u0131 Aral\u0131k ay\u0131nda yapm\u0131\u015f ve zorunlu organlar\u0131 y\u00f6netim kurulu, denetim kurulu ve disiplin kurulu \u00fcyelerini belirlemi\u015ftir. Ola\u011fan Genel Kurulda belirlenen Y\u00f6netim Kurulu, yapt\u0131\u011f\u0131 ilk toplant\u0131s\u0131nda, kendi i\u00e7inde g\u00f6rev taksimi yapm\u0131\u015f ve Genel Ba\u015fkanl\u0131\u011fa Kocaeli B\u00fcy\u00fck\u015fehir Belediyesi Genel Sekreterli\u011fini de y\u00fcr\u00fcten M\u00fcnir KARALO\u011eLU\u2019nu se\u00e7mi\u015ftir.<\/p>\n<p style=\"text-align: justify;\">20-21 Aral\u0131k 2008 tarihlerinde ger\u00e7ekle\u015ftirilen YERELSEN II. Ola\u011fan Genel Kurulu sonucunda Kocaeli B\u00fcy\u00fck\u015fehir Belediyesi Genel Sekreteri M\u00fcnir KARALO\u011eLU, yeniden Genel Ba\u015fkanl\u0131\u011fa se\u00e7ilmi\u015ftir.<\/p>\n<p style=\"text-align: justify;\">11-12 May\u0131s 2009 tarihlerinde ger\u00e7ekle\u015ftirilen I. Ola\u011fan\u00fcst\u00fc Genel Kurul sonucunda Sakarya B\u00fcy\u00fck\u015fehir Belediye Ba\u015fkan\u0131 Zeki TO\u00c7O\u011eLU Genel Ba\u015fkanl\u0131\u011fa se\u00e7ilmi\u015ftir.<\/p>\n<p style=\"text-align: justify;\">10-11 Eyl\u00fcl 2009 tarihlerinde yap\u0131lan II. Ola\u011fan\u00fcst\u00fc Genel Kurul sonras\u0131\u00a0Sakarya B\u00fcy\u00fck\u015fehir Belediye Ba\u015fkan\u0131 Zeki TO\u00c7O\u011eLU, yeniden\u00a0Genel Ba\u015fkanl\u0131\u011fa se\u00e7ilmi\u015ftir.<\/p>\n<p style=\"text-align: justify;\">17-18 Aral\u0131k 2011\u2032de yap\u0131lan\u00a0III. Ola\u011fan Genel Kurul sonucunda Sakarya B\u00fcy\u00fck\u015fehir Belediye Ba\u015fkan\u0131 Zeki TO\u00c7O\u011eLU, \u00a0Genel Ba\u015fkanl\u0131k g\u00f6revine tekrar getirilmi\u015ftir.<\/p>\n<p style=\"text-align: justify;\">12 Aral\u0131k 2013 tarihinde yap\u0131lan III. Ola\u011fan\u00fcst\u00fc Genel Kurulu sonucu \u00a0yeni \u00e7\u0131kan sendikalar yasas\u0131 gere\u011fi t\u00fcz\u00fck de\u011fi\u015fikli\u011fine gidilmi\u015f ve Belediye \u0130\u015fverenleri Sendikas\u0131\u2019n\u0131n (B\u0130S) \u00a0sendikam\u0131za kat\u0131lma talebini de\u011ferlendirirlerek \u00a0kabul eidlmi\u015f ve Belediye \u0130\u015fverenleri Sendikas\u0131\u2019n\u0131n YERELSEN&#8217;e kat\u0131l\u0131m\u0131 ger\u00e7ekle\u015ftirilmi\u015ftir.<\/p>\n<p style=\"text-align: justify;\">20-21 Aral\u0131k 2014 tarihlerinde Kocaeli Ticaret Odas\u0131\u2019nda ger\u00e7ekle\u015ftirilen\u00a0IV. Ola\u011fan Genel Kurul\u00a0sonucunda Sakarya B\u00fcy\u00fck\u015fehir Belediye Ba\u015fkan\u0131 Zeki TO\u00c7O\u011eLU, Genel Ba\u015fkanl\u0131k g\u00f6revine tekrar getirilmi\u015ftir.<\/p>\n<p>15 A\u011fustos 2017 tarihinde Luxor Garden otelinde yap\u0131lan Ola\u011fan\u00fcst\u00fc Genel Kurul sonucunda Sakarya B\u00fcy\u00fck\u015fehir Belediye Ba\u015fkan\u0131 Zeki TO\u00c7O\u011eLU, Genel Ba\u015fkanl\u0131k g\u00f6revine tekrardan getirilmi\u015ftir.<\/p>\n<p>20 Aral\u0131k 2018 tarihinde yap\u0131lan V. Ola\u011fan Genel Kurul sonras\u0131nda Sakarya B\u00fcy\u00fck\u015fehir Belediye Ba\u015fkan\u0131 Zeki TO\u00c7O\u011eLU, Genel Ba\u015fkanl\u0131k g\u00f6revine tekrardan getirilmi\u015ftir.<\/p>\n<p>30 Haziran 2020 tarihinde yap\u0131lan 6. Ola\u011fan\u00fcst\u00fc Genel Kurulu&#8217;nda Sakarya B\u00fcy\u00fck\u015fehir Belediyesi Ba\u015fkan\u0131 Ekrem Y\u00dcCE YERELSEN Genel Ba\u015fkanl\u0131\u011f\u0131na se\u00e7ilmi\u015ftir.<\/p>\n<p>Son olarak 5 Aral\u0131k Pazar\u00a0 2022 tarihinde yap\u0131lan 6. Ola\u011fan Genel Kurulu\u2019nda Sakarya B\u00fcy\u00fck\u015fehir Belediyesi Ba\u015fkan\u0131 Ekrem Y\u00dcCE YERELSEN Genel Ba\u015fkanl\u0131\u011f\u0131na se\u00e7ilmi\u015ftir.<\/p>\n","protected":false},"excerpt":{"rendered":"Yerel Y\u00f6netimler Kamu \u0130\u015fverenleri Sendikas\u0131 YERELSEN, Kocaeli B\u00fcy\u00fck\u015fehir Belediyesi Genel Sekreteri M\u00fcnir KARALO\u011eLU&#8217;nun inisiyatifi ve Kocaeli ilindeki yerel y\u00f6neticilerin deste\u011fiyle; [&hellip;]","protected":false},"author":3,"featured_media":0,"parent":0,"menu_order":5,"comment_status":"closed","ping_status":"closed","template":"","meta":{"footnotes":""},"class_list":["post-26","page","type-page","status-publish","hentry"],"_links":{"self":[{"href":"https:\/\/yerelsen.org.tr\/index.php\/wp-json\/wp\/v2\/pages\/26","targetHints":{"allow":["GET"]}}],"collection":[{"href":"https:\/\/yerelsen.org.tr\/index.php\/wp-json\/wp\/v2\/pages"}],"about":[{"href":"https:\/\/yerelsen.org.tr\/index.php\/wp-json\/wp\/v2\/types\/page"}],"author":[{"embeddable":true,"href":"https:\/\/yerelsen.org.tr\/index.php\/wp-json\/wp\/v2\/users\/3"}],"replies":[{"embeddable":true,"href":"https:\/\/yerelsen.org.tr\/index.php\/wp-json\/wp\/v2\/comments?post=26"}],"version-history":[{"count":18,"href":"https:\/\/yerelsen.org.tr\/index.php\/wp-json\/wp\/v2\/pages\/26\/revisions"}],"predecessor-version":[{"id":10722,"href":"https:\/\/yerelsen.org.tr\/index.php\/wp-json\/wp\/v2\/pages\/26\/revisions\/10722"}],"wp:attachment":[{"href":"https:\/\/yerelsen.org.tr\/index.php\/wp-json\/wp\/v2\/media?parent=26"}],"curies":[{"name":"wp","href":"https:\/\/api.w.org\/{rel}","templated":true}]}}