{"id":8,"date":"2010-11-11T11:53:09","date_gmt":"2010-11-11T09:53:09","guid":{"rendered":"https:\/\/yerelsen.org.tr\/wp\/?page_id=8"},"modified":"2024-07-01T08:46:37","modified_gmt":"2024-07-01T06:46:37","slug":"genel-baskan","status":"publish","type":"page","link":"https:\/\/yerelsen.org.tr\/index.php\/genel-baskan\/","title":{"rendered":"GENEL BA\u015eKAN"},"content":{"rendered":"<p><img loading=\"lazy\" decoding=\"async\" class=\"wp-image-9720 alignleft\" src=\"https:\/\/yerelsen.org.tr\/wp-content\/uploads\/2024\/06\/Fon_VXS__400x400.jpg\" alt=\"\" width=\"185\" height=\"185\" \/><strong>Do\u00e7. Dr. TAH\u0130R B\u00dcY\u00dcKAKIN<br \/>\nYERELSEN Genel Ba\u015fkan\u0131\u00a0<\/strong><\/p>\n<p>1969 y\u0131l\u0131nda Kocaeli\u2019nin Derince il\u00e7esinde d\u00fcnyaya geldi. Derince Turgut Reis \u0130lkokulu, \u0130zmit \u0130mam Hatip Lisesi, \u0130zmit End\u00fcstri Meslek Lisesi\u2019nin ard\u0131ndan \u0130stanbul \u00dcniversitesi Siyasal Bilgiler Fak\u00fcltesi Kamu Y\u00f6netimi B\u00f6l\u00fcm\u00fc\u2019nden 1992 y\u0131l\u0131nda mezun oldu.<\/p>\n<p>1993 y\u0131l\u0131nda Kocaeli \u00dcniversitesi \u0130ktisadi ve \u0130dari Bilimler Fak\u00fcltesi \u0130ktisat B\u00f6l\u00fcm\u00fc\u2019nde ara\u015ft\u0131rma g\u00f6revlisi olarak \u00e7al\u0131\u015ft\u0131. 1995 ve 2001 y\u0131llar\u0131 aras\u0131nda \u0130stanbul \u00dcniversitesi\u00b4nde Y\u00fcksek Lisans ve Doktora \u00e7al\u0131\u015fmalar\u0131n\u0131 tamamlad\u0131.<\/p>\n<p>2002 y\u0131l\u0131nda Kocaeli \u00dcniversitesi \u0130ktisadi ve \u0130dari Bilimler Fak\u00fcltesi \u0130ktisat B\u00f6l\u00fcm\u00fc \u0130ktisat Politikas\u0131 Anabilim Dal\u0131 Yrd. Do\u00e7ent kadrosuna atand\u0131. 2007 y\u0131l\u0131nda b\u00f6l\u00fcm ba\u015fkan yard\u0131mc\u0131l\u0131\u011f\u0131 g\u00f6revine getirildi. \u2018Makro iktisat\u2019 bilim alan\u0131ndaki \u00e7al\u0131\u015fmalar\u0131 ile 2013 y\u0131l\u0131nda do\u00e7ent unvan\u0131n\u0131 ald\u0131. \u00a0Ekonomik krizler ve istikrar politikalar\u0131 alan\u0131nda projeler haz\u0131rlad\u0131.<\/p>\n<p>2005-2007 y\u0131llar\u0131 aras\u0131nda Kocaeli B\u00fcy\u00fck\u015fehir Belediyesi\u2019nde dan\u0131\u015fman olarak g\u00f6rev ald\u0131. B\u00fcy\u00fck\u015fehir Belediyesi ve Su Kanal \u0130daresinin Stratejik Plan\u0131n\u0131 haz\u0131rlad\u0131. 2007 y\u0131l\u0131 sonunda Kocaeli B\u00fcy\u00fck\u015fehir Belediyesi\u2019nde Genel Sekreter Yard\u0131mc\u0131s\u0131, 2014 y\u0131l\u0131nda Genel Sekreter olarak g\u00f6rev ald\u0131. 2017 y\u0131l\u0131n\u0131n haziran ay\u0131nda Bakanlar Kurulu karar\u0131 ve Cumhurba\u015fkan\u0131 onay\u0131 ile atand\u0131\u011f\u0131 Bilecik Valili\u011fi&#8217;ni Kocaeli B\u00fcy\u00fck\u015fehir Belediye Ba\u015fkan\u0131 adayl\u0131\u011f\u0131na kadar s\u00fcrd\u00fcrd\u00fc.<\/p>\n<p>31 Mart 2019 Mahalli \u0130dareler Se\u00e7iminde Kocaeli B\u00fcy\u00fck\u015fehir Belediye Ba\u015fkan\u0131 olarak se\u00e7ilen B\u00dcY\u00dcKAKIN, 5 y\u0131ll\u0131k kente hizmetlerinin ard\u0131ndan 31 Mart 2024 Mahalli \u0130dareler Se\u00e7iminde de halk\u0131n tevecc\u00fch\u00fc ile yeniden se\u00e7ilerek Kocaeli&#8217;ye hizmet etmeye devam etmektedir. \u0130yi derecede \u0130ngilizce bilmektedir. Evli ve 3 \u00e7ocuk babas\u0131d\u0131r.<\/p>\n<p>Yerelsen VII. Ola\u011fan\u00fcst\u00fc Genel Kurulunda Yerelsen Genel Ba\u015fkanl\u0131\u011f\u0131&#8217;na se\u00e7ilmi\u015ftir.<\/p>\n","protected":false},"excerpt":{"rendered":"Do\u00e7. Dr. TAH\u0130R B\u00dcY\u00dcKAKIN YERELSEN Genel Ba\u015fkan\u0131\u00a0 1969 y\u0131l\u0131nda Kocaeli\u2019nin Derince il\u00e7esinde d\u00fcnyaya geldi. Derince Turgut Reis \u0130lkokulu, \u0130zmit \u0130mam [&hellip;]","protected":false},"author":3,"featured_media":9720,"parent":0,"menu_order":0,"comment_status":"closed","ping_status":"closed","template":"","meta":{"footnotes":""},"class_list":["post-8","page","type-page","status-publish","has-post-thumbnail","hentry"],"_links":{"self":[{"href":"https:\/\/yerelsen.org.tr\/index.php\/wp-json\/wp\/v2\/pages\/8","targetHints":{"allow":["GET"]}}],"collection":[{"href":"https:\/\/yerelsen.org.tr\/index.php\/wp-json\/wp\/v2\/pages"}],"about":[{"href":"https:\/\/yerelsen.org.tr\/index.php\/wp-json\/wp\/v2\/types\/page"}],"author":[{"embeddable":true,"href":"https:\/\/yerelsen.org.tr\/index.php\/wp-json\/wp\/v2\/users\/3"}],"replies":[{"embeddable":true,"href":"https:\/\/yerelsen.org.tr\/index.php\/wp-json\/wp\/v2\/comments?post=8"}],"version-history":[{"count":43,"href":"https:\/\/yerelsen.org.tr\/index.php\/wp-json\/wp\/v2\/pages\/8\/revisions"}],"predecessor-version":[{"id":10872,"href":"https:\/\/yerelsen.org.tr\/index.php\/wp-json\/wp\/v2\/pages\/8\/revisions\/10872"}],"wp:featuredmedia":[{"embeddable":true,"href":"https:\/\/yerelsen.org.tr\/index.php\/wp-json\/wp\/v2\/media\/9720"}],"wp:attachment":[{"href":"https:\/\/yerelsen.org.tr\/index.php\/wp-json\/wp\/v2\/media?parent=8"}],"curies":[{"name":"wp","href":"https:\/\/api.w.org\/{rel}","templated":true}]}}